{"id":3272,"date":"2025-08-17T15:29:21","date_gmt":"2025-08-17T21:29:21","guid":{"rendered":"https:\/\/etinoconotes.com\/?page_id=3272"},"modified":"2025-08-19T23:24:24","modified_gmt":"2025-08-20T05:24:24","slug":"inicio","status":"publish","type":"page","link":"https:\/\/etinoconotes.com\/en\/","title":{"rendered":"Inicio"},"content":{"rendered":"<!-- HERO: Enrique Tinoco -->\n<section class=\"hero-et\">\n  <div class=\"hero-inner\">\n    <h1>Data &amp; AI Strategy that accelerates decisions<\/h1>\n    <p class=\"sub\">\n      Transformaci\u00f3n digital, BI, automatizaci\u00f3n y anal\u00edtica con IA para reducir retrabajo\n      y ganar velocidad de impacto.\n    <\/p>\n\n    <div class=\"actions\">\n      <a href=\"#agenda\" class=\"btn primary\">Agenda una mentor\u00eda<\/a>\n      <a href=\"\/en\/servicios\/\" class=\"btn ghost\">Ver servicios<\/a>\n      <a href=\"\/en\/sobre-mi\/\" class=\"btn ghost\">Sobre m\u00ed<\/a>\n      <a href=\"\/en\/contacto\/\" class=\"btn ghost\">Contacto<\/a>\n    <\/div>\n\n    <!-- \u00cdconos sociales (pon tus URLs) -->\n    <nav class=\"socials\">\n      <a href=\"https:\/\/www.github.com\/enriq2811\" aria-label=\"GitHub\">GitHub<\/a>\n      <a href=\"https:\/\/www.linkedin.com\/in\/etinocomed\" aria-label=\"LinkedIn\">LinkedIn<\/a>\n      <a href=\"https:\/\/www.youtube.com\/@etinoconotes\" aria-label=\"YouTube\">YouTube<\/a>\n      <a href=\"https:\/\/www.instagram.com\/etinocom\" aria-label=\"Instagram\">Instagram<\/a>\n      <a href=\"https:\/\/www.tiktok.com\/@etinocom\" aria-label=\"TikTok\">TikTok<\/a>\n    <\/nav>\n  <\/div>\n<\/section>\n<!-- AGENDA -->\n<section id=\"agenda\" class=\"agenda-et\">\n  <div class=\"container\">\n    <h2>Agenda una mentor\u00eda<\/h2>\n    <p>Reserva una sesi\u00f3n 1:1. Si no ves el calendario, recarga la p\u00e1gina.<\/p>\n\n    <div class=\"cal-wrap\">\n      <div class=\"calendly-inline-widget\"\n           data-url=\"https:\/\/calendly.com\/enrique-tinoco-medina\/30min\"\n           style=\"min-width:320px;height:760px;\"><\/div>\n    <\/div>\n  <\/div>\n<\/section>\n\n<!-- Calendly script -->\n<script type=\"text\/javascript\" src=\"https:\/\/assets.calendly.com\/assets\/external\/widget.js\" async><\/script>\n\n\n\n<figure class=\"wp-embed-aspect-16-9 wp-has-aspect-ratio wp-block-embed is-type-video is-provider-youtube wp-block-embed-youtube\"><div class=\"wp-block-embed__wrapper\">\n<iframe loading=\"lazy\" title=\"La IA Est\u00e1 en Todos Lados\" width=\"1290\" height=\"726\" src=\"https:\/\/www.youtube.com\/embed\/SkjF0WSYhuk?start=59&#038;feature=oembed\" frameborder=\"0\" allow=\"accelerometer; autoplay; clipboard-write; encrypted-media; gyroscope; picture-in-picture; web-share\" referrerpolicy=\"strict-origin-when-cross-origin\" allowfullscreen><\/iframe>\n<\/div><\/figure>\n\n\n\n<figure class=\"wp-embed-aspect-16-9 wp-has-aspect-ratio wp-block-embed is-type-video is-provider-youtube wp-block-embed-youtube\"><div class=\"wp-block-embed__wrapper\">\n<iframe loading=\"lazy\" title=\"\u00bfC\u00f3mo surge la inteligencia artificial?\" width=\"1290\" height=\"726\" src=\"https:\/\/www.youtube.com\/embed\/oXw4ahrgh6g?start=95&#038;feature=oembed\" frameborder=\"0\" allow=\"accelerometer; autoplay; clipboard-write; encrypted-media; gyroscope; picture-in-picture; web-share\" referrerpolicy=\"strict-origin-when-cross-origin\" allowfullscreen><\/iframe>\n<\/div><\/figure>","protected":false},"excerpt":{"rendered":"<p>Estrategia de Datos &amp; IA que acelera decisiones Transformaci\u00f3n digital, BI, automatizaci\u00f3n y anal\u00edtica con IA para reducir retrabajo y ganar velocidad de impacto. Agenda una mentor\u00eda Ver servicios Sobre m\u00ed Contacto GitHub LinkedIn YouTube Instagram TikTok Agenda una mentor\u00eda Reserva una sesi\u00f3n 1:1. Si no ves el calendario, recarga la p\u00e1gina.<\/p>","protected":false},"author":1,"featured_media":0,"parent":0,"menu_order":0,"comment_status":"closed","ping_status":"closed","template":"","meta":{"nf_dc_page":"","om_disable_all_campaigns":false,"_monsterinsights_skip_tracking":false,"_monsterinsights_sitenote_active":false,"_monsterinsights_sitenote_note":"","_monsterinsights_sitenote_category":0,"footnotes":""},"class_list":["post-3272","page","type-page","status-publish","hentry"],"blocksy_meta":{"has_hero_section":"disabled","styles_descriptor":{"styles":{"desktop":"","tablet":"","mobile":""},"google_fonts":[],"version":6}},"yoast_head":"<!-- This site is optimized with the Yoast SEO plugin v27.4 - https:\/\/yoast.com\/product\/yoast-seo-wordpress\/ -->\n<title>Inicio - Enrique Tinoco - Data &amp; AI<\/title>\n<meta name=\"robots\" content=\"index, follow, max-snippet:-1, max-image-preview:large, max-video-preview:-1\" \/>\n<link rel=\"canonical\" href=\"https:\/\/etinoconotes.com\/en\/\" \/>\n<meta property=\"og:locale\" content=\"en_US\" \/>\n<meta property=\"og:type\" content=\"article\" \/>\n<meta property=\"og:title\" content=\"Inicio - Enrique Tinoco - Data &amp; AI\" \/>\n<meta property=\"og:description\" content=\"Estrategia de Datos &amp; IA que acelera decisiones Transformaci\u00f3n digital, BI, automatizaci\u00f3n y anal\u00edtica con IA para reducir retrabajo y ganar velocidad de impacto. Agenda una mentor\u00eda Ver servicios Sobre m\u00ed Contacto GitHub LinkedIn YouTube Instagram TikTok Agenda una mentor\u00eda Reserva una sesi\u00f3n 1:1. Si no ves el calendario, recarga la p\u00e1gina.\" \/>\n<meta property=\"og:url\" content=\"https:\/\/etinoconotes.com\/en\/\" \/>\n<meta property=\"og:site_name\" content=\"Enrique Tinoco - Data &amp; AI\" \/>\n<meta property=\"article:modified_time\" content=\"2025-08-20T05:24:24+00:00\" \/>\n<meta name=\"twitter:card\" content=\"summary_large_image\" \/>\n<meta name=\"twitter:label1\" content=\"Est. reading time\" \/>\n\t<meta name=\"twitter:data1\" content=\"1 minute\" \/>\n<script type=\"application\/ld+json\" class=\"yoast-schema-graph\">{\"@context\":\"https:\\\/\\\/schema.org\",\"@graph\":[{\"@type\":\"WebPage\",\"@id\":\"https:\\\/\\\/etinoconotes.com\\\/\",\"url\":\"https:\\\/\\\/etinoconotes.com\\\/\",\"name\":\"Inicio - Enrique Tinoco - Data &amp; AI\",\"isPartOf\":{\"@id\":\"https:\\\/\\\/etinoconotes.com\\\/#website\"},\"datePublished\":\"2025-08-17T21:29:21+00:00\",\"dateModified\":\"2025-08-20T05:24:24+00:00\",\"breadcrumb\":{\"@id\":\"https:\\\/\\\/etinoconotes.com\\\/#breadcrumb\"},\"inLanguage\":\"en-US\",\"potentialAction\":[{\"@type\":\"ReadAction\",\"target\":[\"https:\\\/\\\/etinoconotes.com\\\/\"]}]},{\"@type\":\"BreadcrumbList\",\"@id\":\"https:\\\/\\\/etinoconotes.com\\\/#breadcrumb\",\"itemListElement\":[{\"@type\":\"ListItem\",\"position\":1,\"name\":\"Home\",\"item\":\"https:\\\/\\\/etinoconotes.com\\\/\"},{\"@type\":\"ListItem\",\"position\":2,\"name\":\"Inicio\"}]},{\"@type\":\"WebSite\",\"@id\":\"https:\\\/\\\/etinoconotes.com\\\/#website\",\"url\":\"https:\\\/\\\/etinoconotes.com\\\/\",\"name\":\"Enrique Tinoco - Data &amp; AI\",\"description\":\"\",\"publisher\":{\"@id\":\"https:\\\/\\\/etinoconotes.com\\\/#organization\"},\"potentialAction\":[{\"@type\":\"SearchAction\",\"target\":{\"@type\":\"EntryPoint\",\"urlTemplate\":\"https:\\\/\\\/etinoconotes.com\\\/?s={search_term_string}\"},\"query-input\":{\"@type\":\"PropertyValueSpecification\",\"valueRequired\":true,\"valueName\":\"search_term_string\"}}],\"inLanguage\":\"en-US\"},{\"@type\":\"Organization\",\"@id\":\"https:\\\/\\\/etinoconotes.com\\\/#organization\",\"name\":\"Enrique Tinoco - Data &amp; AI\",\"url\":\"https:\\\/\\\/etinoconotes.com\\\/\",\"logo\":{\"@type\":\"ImageObject\",\"inLanguage\":\"en-US\",\"@id\":\"https:\\\/\\\/etinoconotes.com\\\/#\\\/schema\\\/logo\\\/image\\\/\",\"url\":\"https:\\\/\\\/i0.wp.com\\\/etinoconotes.com\\\/wp-content\\\/uploads\\\/2025\\\/08\\\/cropped-et_monogram_1024-1.png?fit=512%2C512&ssl=1\",\"contentUrl\":\"https:\\\/\\\/i0.wp.com\\\/etinoconotes.com\\\/wp-content\\\/uploads\\\/2025\\\/08\\\/cropped-et_monogram_1024-1.png?fit=512%2C512&ssl=1\",\"width\":512,\"height\":512,\"caption\":\"Enrique Tinoco - Data &amp; AI\"},\"image\":{\"@id\":\"https:\\\/\\\/etinoconotes.com\\\/#\\\/schema\\\/logo\\\/image\\\/\"}}]}<\/script>\n<!-- \/ Yoast SEO plugin. -->","yoast_head_json":{"title":"Inicio - Enrique Tinoco - Data &amp; AI","robots":{"index":"index","follow":"follow","max-snippet":"max-snippet:-1","max-image-preview":"max-image-preview:large","max-video-preview":"max-video-preview:-1"},"canonical":"https:\/\/etinoconotes.com\/en\/","og_locale":"en_US","og_type":"article","og_title":"Inicio - Enrique Tinoco - Data &amp; AI","og_description":"Estrategia de Datos &amp; IA que acelera decisiones Transformaci\u00f3n digital, BI, automatizaci\u00f3n y anal\u00edtica con IA para reducir retrabajo y ganar velocidad de impacto. Agenda una mentor\u00eda Ver servicios Sobre m\u00ed Contacto GitHub LinkedIn YouTube Instagram TikTok Agenda una mentor\u00eda Reserva una sesi\u00f3n 1:1. Si no ves el calendario, recarga la p\u00e1gina.","og_url":"https:\/\/etinoconotes.com\/en\/","og_site_name":"Enrique Tinoco - Data &amp; AI","article_modified_time":"2025-08-20T05:24:24+00:00","twitter_card":"summary_large_image","twitter_misc":{"Est. reading time":"1 minute"},"schema":{"@context":"https:\/\/schema.org","@graph":[{"@type":"WebPage","@id":"https:\/\/etinoconotes.com\/","url":"https:\/\/etinoconotes.com\/","name":"Inicio - Enrique Tinoco - Data &amp; AI","isPartOf":{"@id":"https:\/\/etinoconotes.com\/#website"},"datePublished":"2025-08-17T21:29:21+00:00","dateModified":"2025-08-20T05:24:24+00:00","breadcrumb":{"@id":"https:\/\/etinoconotes.com\/#breadcrumb"},"inLanguage":"en-US","potentialAction":[{"@type":"ReadAction","target":["https:\/\/etinoconotes.com\/"]}]},{"@type":"BreadcrumbList","@id":"https:\/\/etinoconotes.com\/#breadcrumb","itemListElement":[{"@type":"ListItem","position":1,"name":"Home","item":"https:\/\/etinoconotes.com\/"},{"@type":"ListItem","position":2,"name":"Inicio"}]},{"@type":"WebSite","@id":"https:\/\/etinoconotes.com\/#website","url":"https:\/\/etinoconotes.com\/","name":"Enrique Tinoco - Data &amp; AI","description":"","publisher":{"@id":"https:\/\/etinoconotes.com\/#organization"},"potentialAction":[{"@type":"SearchAction","target":{"@type":"EntryPoint","urlTemplate":"https:\/\/etinoconotes.com\/?s={search_term_string}"},"query-input":{"@type":"PropertyValueSpecification","valueRequired":true,"valueName":"search_term_string"}}],"inLanguage":"en-US"},{"@type":"Organization","@id":"https:\/\/etinoconotes.com\/#organization","name":"Enrique Tinoco - Data &amp; AI","url":"https:\/\/etinoconotes.com\/","logo":{"@type":"ImageObject","inLanguage":"en-US","@id":"https:\/\/etinoconotes.com\/#\/schema\/logo\/image\/","url":"https:\/\/i0.wp.com\/etinoconotes.com\/wp-content\/uploads\/2025\/08\/cropped-et_monogram_1024-1.png?fit=512%2C512&ssl=1","contentUrl":"https:\/\/i0.wp.com\/etinoconotes.com\/wp-content\/uploads\/2025\/08\/cropped-et_monogram_1024-1.png?fit=512%2C512&ssl=1","width":512,"height":512,"caption":"Enrique Tinoco - Data &amp; AI"},"image":{"@id":"https:\/\/etinoconotes.com\/#\/schema\/logo\/image\/"}}]}},"jetpack_sharing_enabled":true,"_links":{"self":[{"href":"https:\/\/etinoconotes.com\/en\/wp-json\/wp\/v2\/pages\/3272","targetHints":{"allow":["GET"]}}],"collection":[{"href":"https:\/\/etinoconotes.com\/en\/wp-json\/wp\/v2\/pages"}],"about":[{"href":"https:\/\/etinoconotes.com\/en\/wp-json\/wp\/v2\/types\/page"}],"author":[{"embeddable":true,"href":"https:\/\/etinoconotes.com\/en\/wp-json\/wp\/v2\/users\/1"}],"replies":[{"embeddable":true,"href":"https:\/\/etinoconotes.com\/en\/wp-json\/wp\/v2\/comments?post=3272"}],"version-history":[{"count":9,"href":"https:\/\/etinoconotes.com\/en\/wp-json\/wp\/v2\/pages\/3272\/revisions"}],"predecessor-version":[{"id":3349,"href":"https:\/\/etinoconotes.com\/en\/wp-json\/wp\/v2\/pages\/3272\/revisions\/3349"}],"wp:attachment":[{"href":"https:\/\/etinoconotes.com\/en\/wp-json\/wp\/v2\/media?parent=3272"}],"curies":[{"name":"wp","href":"https:\/\/api.w.org\/{rel}","templated":true}]}}